{"id":297,"date":"2018-01-05T12:06:20","date_gmt":"2018-01-05T12:06:20","guid":{"rendered":"https:\/\/inmoelmano.com\/en\/?page_id=297"},"modified":"2018-01-05T12:06:20","modified_gmt":"2018-01-05T12:06:20","slug":"services","status":"publish","type":"page","link":"https:\/\/inmoelmano.com\/en\/services\/","title":{"rendered":"Services"},"content":{"rendered":"<h2>Servicios a compradores<\/h2>\n<p>Para todos aquellos que desean comprar o alquilar una vivienda en Hu\u00e9scar y sus alrededores, les ofrecemos un equipo con el que se podr\u00e1n asesorar. Nuestro asesoramiento abarca desde la b\u00fasqueda de pisos y casas que se adapten a sus necesidades, hasta el asesoramiento financiero necesario para la adquisici\u00f3n.<\/p>\n<h2>Servicio a vendedores<\/h2>\n<p>Si desea vender o alquilar una vivienda en Hu\u00e9scar o alrededores, pondremos a su disposici\u00f3n todos nuestros recursos. En primer lugar haremos un estudio para ayudarle a valorar su vivienda. Gestionaremos todas las visitas y en todo momento le asesoraremos para que la venta o alquiler se lleve a cabo con todas las garant\u00edas.<\/p>\n","protected":false},"excerpt":{"rendered":"<p>Servicios a compradores Para todos aquellos que desean comprar o alquilar una vivienda en Hu\u00e9scar y sus alrededores, les ofrecemos un equipo con el que se podr\u00e1n asesorar. Nuestro asesoramiento abarca desde la b\u00fasqueda de pisos y casas que se adapten a sus necesidades, hasta el asesoramiento financiero necesario para la adquisici\u00f3n. Servicio a vendedores [&hellip;]<\/p>\n","protected":false},"author":1,"featured_media":0,"parent":0,"menu_order":0,"comment_status":"closed","ping_status":"closed","template":"","meta":{"footnotes":""},"class_list":["post-297","page","type-page","status-publish","hentry"],"yoast_head":"<!-- This site is optimized with the Yoast SEO plugin v27.4 - https:\/\/yoast.com\/product\/yoast-seo-wordpress\/ -->\n<title>Services - Gesti\u00f3n Inmobiliaria El Ma\u00f1o<\/title>\n<meta name=\"description\" content=\"Servicios a compradores Para todos aquellos que desean comprar o alquilar una vivienda en Hu\u00e9scar y sus alrededores, les ofrecemos un equipo con el que se\" \/>\n<meta name=\"robots\" content=\"index, follow, max-snippet:-1, max-image-preview:large, max-video-preview:-1\" \/>\n<link rel=\"canonical\" href=\"https:\/\/inmoelmano.com\/en\/services\/\" \/>\n<meta property=\"og:locale\" content=\"en_US\" \/>\n<meta property=\"og:type\" content=\"article\" \/>\n<meta property=\"og:title\" content=\"Services - Gesti\u00f3n Inmobiliaria El Ma\u00f1o\" \/>\n<meta property=\"og:description\" content=\"Servicios a compradores Para todos aquellos que desean comprar o alquilar una vivienda en Hu\u00e9scar y sus alrededores, les ofrecemos un equipo con el que se\" \/>\n<meta property=\"og:url\" content=\"https:\/\/inmoelmano.com\/en\/services\/\" \/>\n<meta property=\"og:site_name\" content=\"Gesti\u00f3n Inmobiliaria El Ma\u00f1o\" \/>\n<meta name=\"twitter:card\" content=\"summary_large_image\" \/>\n<meta name=\"twitter:label1\" content=\"Est. reading time\" \/>\n\t<meta name=\"twitter:data1\" content=\"1 minute\" \/>\n<script type=\"application\/ld+json\" class=\"yoast-schema-graph\">{\"@context\":\"https:\\\/\\\/schema.org\",\"@graph\":[{\"@type\":\"WebPage\",\"@id\":\"https:\\\/\\\/inmoelmano.com\\\/en\\\/services\\\/\",\"url\":\"https:\\\/\\\/inmoelmano.com\\\/en\\\/services\\\/\",\"name\":\"Services - Gesti\u00f3n Inmobiliaria El Ma\u00f1o\",\"isPartOf\":{\"@id\":\"https:\\\/\\\/inmoelmano.com\\\/#website\"},\"datePublished\":\"2018-01-05T12:06:20+00:00\",\"description\":\"Servicios a compradores Para todos aquellos que desean comprar o alquilar una vivienda en Hu\u00e9scar y sus alrededores, les ofrecemos un equipo con el que se\",\"breadcrumb\":{\"@id\":\"https:\\\/\\\/inmoelmano.com\\\/en\\\/services\\\/#breadcrumb\"},\"inLanguage\":\"en-US\",\"potentialAction\":[{\"@type\":\"ReadAction\",\"target\":[\"https:\\\/\\\/inmoelmano.com\\\/en\\\/services\\\/\"]}]},{\"@type\":\"BreadcrumbList\",\"@id\":\"https:\\\/\\\/inmoelmano.com\\\/en\\\/services\\\/#breadcrumb\",\"itemListElement\":[{\"@type\":\"ListItem\",\"position\":1,\"name\":\"Portada\",\"item\":\"https:\\\/\\\/inmoelmano.com\\\/\"},{\"@type\":\"ListItem\",\"position\":2,\"name\":\"Services\"}]},{\"@type\":\"WebSite\",\"@id\":\"https:\\\/\\\/inmoelmano.com\\\/#website\",\"url\":\"https:\\\/\\\/inmoelmano.com\\\/\",\"name\":\"Gesti\u00f3n Inmobiliaria El Ma\u00f1o\",\"description\":\"Inmobiliaria en Granada\",\"publisher\":{\"@id\":\"https:\\\/\\\/inmoelmano.com\\\/#organization\"},\"potentialAction\":[{\"@type\":\"SearchAction\",\"target\":{\"@type\":\"EntryPoint\",\"urlTemplate\":\"https:\\\/\\\/inmoelmano.com\\\/?s={search_term_string}\"},\"query-input\":{\"@type\":\"PropertyValueSpecification\",\"valueRequired\":true,\"valueName\":\"search_term_string\"}}],\"inLanguage\":\"en-US\"},{\"@type\":\"Organization\",\"@id\":\"https:\\\/\\\/inmoelmano.com\\\/#organization\",\"name\":\"Gesti\u00f3n Inmobiliaria El Ma\u00f1o\",\"url\":\"https:\\\/\\\/inmoelmano.com\\\/\",\"logo\":{\"@type\":\"ImageObject\",\"inLanguage\":\"en-US\",\"@id\":\"https:\\\/\\\/inmoelmano.com\\\/#\\\/schema\\\/logo\\\/image\\\/\",\"url\":\"https:\\\/\\\/inmoelmano.com\\\/wp-content\\\/uploads\\\/2017\\\/12\\\/logo_gestionesinmo.jpg\",\"contentUrl\":\"https:\\\/\\\/inmoelmano.com\\\/wp-content\\\/uploads\\\/2017\\\/12\\\/logo_gestionesinmo.jpg\",\"width\":1076,\"height\":796,\"caption\":\"Gesti\u00f3n Inmobiliaria El Ma\u00f1o\"},\"image\":{\"@id\":\"https:\\\/\\\/inmoelmano.com\\\/#\\\/schema\\\/logo\\\/image\\\/\"}}]}<\/script>\n<!-- \/ Yoast SEO plugin. -->","yoast_head_json":{"title":"Services - Gesti\u00f3n Inmobiliaria El Ma\u00f1o","description":"Servicios a compradores Para todos aquellos que desean comprar o alquilar una vivienda en Hu\u00e9scar y sus alrededores, les ofrecemos un equipo con el que se","robots":{"index":"index","follow":"follow","max-snippet":"max-snippet:-1","max-image-preview":"max-image-preview:large","max-video-preview":"max-video-preview:-1"},"canonical":"https:\/\/inmoelmano.com\/en\/services\/","og_locale":"en_US","og_type":"article","og_title":"Services - Gesti\u00f3n Inmobiliaria El Ma\u00f1o","og_description":"Servicios a compradores Para todos aquellos que desean comprar o alquilar una vivienda en Hu\u00e9scar y sus alrededores, les ofrecemos un equipo con el que se","og_url":"https:\/\/inmoelmano.com\/en\/services\/","og_site_name":"Gesti\u00f3n Inmobiliaria El Ma\u00f1o","twitter_card":"summary_large_image","twitter_misc":{"Est. reading time":"1 minute"},"schema":{"@context":"https:\/\/schema.org","@graph":[{"@type":"WebPage","@id":"https:\/\/inmoelmano.com\/en\/services\/","url":"https:\/\/inmoelmano.com\/en\/services\/","name":"Services - Gesti\u00f3n Inmobiliaria El Ma\u00f1o","isPartOf":{"@id":"https:\/\/inmoelmano.com\/#website"},"datePublished":"2018-01-05T12:06:20+00:00","description":"Servicios a compradores Para todos aquellos que desean comprar o alquilar una vivienda en Hu\u00e9scar y sus alrededores, les ofrecemos un equipo con el que se","breadcrumb":{"@id":"https:\/\/inmoelmano.com\/en\/services\/#breadcrumb"},"inLanguage":"en-US","potentialAction":[{"@type":"ReadAction","target":["https:\/\/inmoelmano.com\/en\/services\/"]}]},{"@type":"BreadcrumbList","@id":"https:\/\/inmoelmano.com\/en\/services\/#breadcrumb","itemListElement":[{"@type":"ListItem","position":1,"name":"Portada","item":"https:\/\/inmoelmano.com\/"},{"@type":"ListItem","position":2,"name":"Services"}]},{"@type":"WebSite","@id":"https:\/\/inmoelmano.com\/#website","url":"https:\/\/inmoelmano.com\/","name":"Gesti\u00f3n Inmobiliaria El Ma\u00f1o","description":"Inmobiliaria en Granada","publisher":{"@id":"https:\/\/inmoelmano.com\/#organization"},"potentialAction":[{"@type":"SearchAction","target":{"@type":"EntryPoint","urlTemplate":"https:\/\/inmoelmano.com\/?s={search_term_string}"},"query-input":{"@type":"PropertyValueSpecification","valueRequired":true,"valueName":"search_term_string"}}],"inLanguage":"en-US"},{"@type":"Organization","@id":"https:\/\/inmoelmano.com\/#organization","name":"Gesti\u00f3n Inmobiliaria El Ma\u00f1o","url":"https:\/\/inmoelmano.com\/","logo":{"@type":"ImageObject","inLanguage":"en-US","@id":"https:\/\/inmoelmano.com\/#\/schema\/logo\/image\/","url":"https:\/\/inmoelmano.com\/wp-content\/uploads\/2017\/12\/logo_gestionesinmo.jpg","contentUrl":"https:\/\/inmoelmano.com\/wp-content\/uploads\/2017\/12\/logo_gestionesinmo.jpg","width":1076,"height":796,"caption":"Gesti\u00f3n Inmobiliaria El Ma\u00f1o"},"image":{"@id":"https:\/\/inmoelmano.com\/#\/schema\/logo\/image\/"}}]}},"_links":{"self":[{"href":"https:\/\/inmoelmano.com\/en\/wp-json\/wp\/v2\/pages\/297","targetHints":{"allow":["GET"]}}],"collection":[{"href":"https:\/\/inmoelmano.com\/en\/wp-json\/wp\/v2\/pages"}],"about":[{"href":"https:\/\/inmoelmano.com\/en\/wp-json\/wp\/v2\/types\/page"}],"author":[{"embeddable":true,"href":"https:\/\/inmoelmano.com\/en\/wp-json\/wp\/v2\/users\/1"}],"replies":[{"embeddable":true,"href":"https:\/\/inmoelmano.com\/en\/wp-json\/wp\/v2\/comments?post=297"}],"version-history":[{"count":1,"href":"https:\/\/inmoelmano.com\/en\/wp-json\/wp\/v2\/pages\/297\/revisions"}],"predecessor-version":[{"id":298,"href":"https:\/\/inmoelmano.com\/en\/wp-json\/wp\/v2\/pages\/297\/revisions\/298"}],"wp:attachment":[{"href":"https:\/\/inmoelmano.com\/en\/wp-json\/wp\/v2\/media?parent=297"}],"curies":[{"name":"wp","href":"https:\/\/api.w.org\/{rel}","templated":true}]}}